{"id":19,"date":"2023-08-03T20:06:13","date_gmt":"2023-08-03T18:06:13","guid":{"rendered":"http:\/\/blazko.pl\/?page_id=19"},"modified":"2024-11-30T00:08:15","modified_gmt":"2024-11-29T23:08:15","slug":"o-mnie","status":"publish","type":"page","link":"https:\/\/blazko.pl\/?page_id=19","title":{"rendered":"o mnie"},"content":{"rendered":"\n<div class=\"wp-block-group alignfull has-black-background-color has-text-color has-background is-layout-flow wp-block-group-is-layout-flow\" style=\"color:#161616\">\n<div class=\"wp-block-media-text alignwide is-stacked-on-mobile is-vertically-aligned-top has-black-background-color has-background\" style=\"grid-template-columns:30% auto\"><figure class=\"wp-block-media-text__media\"><img loading=\"lazy\" decoding=\"async\" width=\"980\" height=\"1024\" src=\"http:\/\/blazko.pl\/wp-content\/uploads\/2023\/08\/DSC_2198b-980x1024.jpg\" alt=\"\" class=\"wp-image-704 size-full\" srcset=\"https:\/\/blazko.pl\/wp-content\/uploads\/2023\/08\/DSC_2198b-980x1024.jpg 980w, https:\/\/blazko.pl\/wp-content\/uploads\/2023\/08\/DSC_2198b-287x300.jpg 287w, https:\/\/blazko.pl\/wp-content\/uploads\/2023\/08\/DSC_2198b-768x802.jpg 768w, https:\/\/blazko.pl\/wp-content\/uploads\/2023\/08\/DSC_2198b-1470x1536.jpg 1470w, https:\/\/blazko.pl\/wp-content\/uploads\/2023\/08\/DSC_2198b-1960x2048.jpg 1960w\" sizes=\"auto, (max-width: 980px) 100vw, 980px\" \/><\/figure><div class=\"wp-block-media-text__content\">\n<h5 class=\"wp-block-heading has-text-align-center has-text-color\" style=\"color:#d7d7d7\">o mnie<\/h5>\n\n\n\n<p class=\"has-text-align-center has-palette-color-8-color has-text-color\" style=\"font-size:14px\">Nazywam si\u0119 Grzegorz B\u0142a\u017cko. Pochodz\u0119 z Tr\u00f3jmiasta, ale kiedy\u015b przyjecha\u0142em do Krakowa i ju\u017c w nim zosta\u0142em. Za\u0142o\u017cy\u0142em pracowni\u0119 artystyczn\u0105 i wkr\u00f3tce potem autorsk\u0105 galeri\u0119. W trakcie kilkudziesi\u0119ciu inspiruj\u0105cych, spektakularnych i szalonych lat galeria sta\u0142a si\u0119 jednocze\u015bnie pracowni\u0105 i tak jest do dzi\u015b. Galeria Blazko znajduje si\u0119 na krakowskim Kazimierzu i jest jedynym miejscem gdzie pracuj\u0119 i prezentuj\u0119 swoj\u0105 bi\u017cuteri\u0119.<\/p>\n\n\n\n<p class=\"has-text-align-center has-palette-color-8-color has-text-color\" style=\"font-size:14px\">Od kiedy pami\u0119tam zajmuj\u0119 si\u0119 \u0142adnymi rzeczami, kt\u00f3re projektuj\u0119 i tworz\u0119 ze srebra, miedzi, mosi\u0105dzu, syntetycznych kamieni i akrylitu. Zaj\u0119cie to jest dla mnie doskona\u0142ym sposobem wyra\u017canie siebie.<\/p>\n\n\n\n<p class=\"has-text-align-center has-palette-color-8-color has-text-color\" style=\"font-size:14px\">W przesz\u0142o\u015bci wystawia\u0142em swoje prace na indywidualnych i grupowych wystawach w Polsce i za granic\u0105. Bi\u017cuteria mojego autorstwa znajduje si\u0119 w licznych kolekcjach prywatnych i publicznych. Przez ostatnie lata jednak skupiam si\u0119 wy\u0142\u0105cznie na projektowaniu i tworzeniu bi\u017cuterii dla indywidualnych odbiorc\u00f3w.<\/p>\n\n\n\n<p class=\"has-text-align-center has-palette-color-7-color has-text-color\" style=\"font-size:14px\">Na tej stronie mo\u017cecie Pa\u0144stwo zapozna\u0107 si\u0119 z moimi projektami z r\u00f3\u017cnych kolekcji i okres\u00f3w tw\u00f3rczo\u015bci. Aktualna oferta znajduje si\u0119 w moim <a href=\"http:\/\/www.sklep.blazko.pl\">sklepie internetowym<\/a>, a najnowsze realizacje mo\u017cna zobaczy\u0107 na moich stronach na&nbsp;<a rel=\"noreferrer noopener\" href=\"http:\/\/www.facebook.com\/blazko_jewellery\" target=\"_blank\">Facebooku<\/a>&nbsp;oraz <a rel=\"noreferrer noopener\" href=\"https:\/\/www.instagram.com\/blazko_jewellery\/\" target=\"_blank\">Instagramie<\/a>&nbsp;oraz oczywi\u015bcie w Galerii Blazko. <br><br>Zapraszam<\/p>\n\n\n\n<div class=\"wp-block-uagb-advanced-heading uagb-block-68e73e35\"><h2 class=\"uagb-heading-text\">Grzegorz B\u0142a\u017cko<\/h2><\/div>\n<\/div><\/div>\n<\/div>\n\n\n\n<div class=\"wp-block-essential-blocks-social\"><div class=\"eb-parent-wrapper eb-parent-eb-social-links-ubaydcm \"><div class=\"eb-social-links-ubaydcm eb-social-links-wrapper\"><ul class=\"eb-socials\"><li><a class=\"facebook-f-original  \" href=\"http:\/\/www.facebook.com\/blazko_jewellery\" target=\"_blank\" rel=\"noopener\"><i class=\"hvr-icon eb-social-icon fab fa-facebook-f\"><\/i><\/a><\/li><li><a class=\"instagram-original  \" href=\"https:\/\/www.instagram.com\/blazko_jewellery\/\" target=\"_blank\" rel=\"noopener\"><i class=\"hvr-icon eb-social-icon fab fa-instagram\"><\/i><\/a><\/li><li><a class=\"envelope-original  \" href=\"mailto:blazko@blazko.pl\" target=\"_blank\" rel=\"noopener\"><i class=\"hvr-icon eb-social-icon far fa-envelope\"><\/i><\/a><\/li><\/ul><\/div><\/div><\/div>\n","protected":false},"excerpt":{"rendered":"<p>o mnie Nazywam si\u0119 Grzegorz B\u0142a\u017cko. Pochodz\u0119 z Tr\u00f3jmiasta, ale kiedy\u015b przyjecha\u0142em do Krakowa i ju\u017c w nim zosta\u0142em. Za\u0142o\u017cy\u0142em pracowni\u0119 artystyczn\u0105 i wkr\u00f3tce potem autorsk\u0105 galeri\u0119. W trakcie kilkudziesi\u0119ciu inspiruj\u0105cych, spektakularnych i szalonych lat galeria sta\u0142a si\u0119 jednocze\u015bnie pracowni\u0105 i tak jest do dzi\u015b. Galeria Blazko znajduje si\u0119 na krakowskim Kazimierzu i jest jedynym [&hellip;]<\/p>\n","protected":false},"author":1,"featured_media":0,"parent":0,"menu_order":0,"comment_status":"closed","ping_status":"closed","template":"essential-blocks-fullwidth-template.php","meta":{"_eb_attr":"","_uag_custom_page_level_css":"","footnotes":""},"class_list":["post-19","page","type-page","status-publish","hentry"],"blocksy_meta":[],"uagb_featured_image_src":{"full":false,"thumbnail":false,"medium":false,"medium_large":false,"large":false,"1536x1536":false,"2048x2048":false},"uagb_author_info":{"display_name":"blazko","author_link":"https:\/\/blazko.pl\/?author=1"},"uagb_comment_info":0,"uagb_excerpt":"o mnie Nazywam si\u0119 Grzegorz B\u0142a\u017cko. Pochodz\u0119 z Tr\u00f3jmiasta, ale kiedy\u015b przyjecha\u0142em do Krakowa i ju\u017c w nim zosta\u0142em. Za\u0142o\u017cy\u0142em pracowni\u0119 artystyczn\u0105 i wkr\u00f3tce potem autorsk\u0105 galeri\u0119. W trakcie kilkudziesi\u0119ciu inspiruj\u0105cych, spektakularnych i szalonych lat galeria sta\u0142a si\u0119 jednocze\u015bnie pracowni\u0105 i tak jest do dzi\u015b. Galeria Blazko znajduje si\u0119 na krakowskim Kazimierzu i jest jedynym&hellip;","_links":{"self":[{"href":"https:\/\/blazko.pl\/index.php?rest_route=\/wp\/v2\/pages\/19","targetHints":{"allow":["GET"]}}],"collection":[{"href":"https:\/\/blazko.pl\/index.php?rest_route=\/wp\/v2\/pages"}],"about":[{"href":"https:\/\/blazko.pl\/index.php?rest_route=\/wp\/v2\/types\/page"}],"author":[{"embeddable":true,"href":"https:\/\/blazko.pl\/index.php?rest_route=\/wp\/v2\/users\/1"}],"replies":[{"embeddable":true,"href":"https:\/\/blazko.pl\/index.php?rest_route=%2Fwp%2Fv2%2Fcomments&post=19"}],"version-history":[{"count":0,"href":"https:\/\/blazko.pl\/index.php?rest_route=\/wp\/v2\/pages\/19\/revisions"}],"wp:attachment":[{"href":"https:\/\/blazko.pl\/index.php?rest_route=%2Fwp%2Fv2%2Fmedia&parent=19"}],"curies":[{"name":"wp","href":"https:\/\/api.w.org\/{rel}","templated":true}]}}