{"id":813,"date":"2023-09-05T13:00:32","date_gmt":"2023-09-05T11:00:32","guid":{"rendered":"http:\/\/blazko.pl\/?page_id=813"},"modified":"2025-05-20T17:27:26","modified_gmt":"2025-05-20T15:27:26","slug":"about-me","status":"publish","type":"page","link":"https:\/\/blazko.pl\/?page_id=813&lang=en","title":{"rendered":"about me"},"content":{"rendered":"\n<div class=\"wp-block-group alignfull has-black-background-color has-text-color has-background is-layout-flow wp-block-group-is-layout-flow\" style=\"color:#161616\">\n<div class=\"wp-block-media-text alignwide is-stacked-on-mobile is-vertically-aligned-top has-black-background-color has-background\" style=\"grid-template-columns:30% auto\"><figure class=\"wp-block-media-text__media\"><img loading=\"lazy\" decoding=\"async\" width=\"980\" height=\"1024\" src=\"http:\/\/blazko.pl\/wp-content\/uploads\/2023\/08\/DSC_2198b-980x1024.jpg\" alt=\"\" class=\"wp-image-704 size-full\" srcset=\"https:\/\/blazko.pl\/wp-content\/uploads\/2023\/08\/DSC_2198b-980x1024.jpg 980w, https:\/\/blazko.pl\/wp-content\/uploads\/2023\/08\/DSC_2198b-287x300.jpg 287w, https:\/\/blazko.pl\/wp-content\/uploads\/2023\/08\/DSC_2198b-768x802.jpg 768w, https:\/\/blazko.pl\/wp-content\/uploads\/2023\/08\/DSC_2198b-1470x1536.jpg 1470w, https:\/\/blazko.pl\/wp-content\/uploads\/2023\/08\/DSC_2198b-1960x2048.jpg 1960w\" sizes=\"auto, (max-width: 980px) 100vw, 980px\" \/><\/figure><div class=\"wp-block-media-text__content\">\n<h5 class=\"wp-block-heading has-text-align-center has-text-color\" style=\"color:#d7d7d7\">about me<\/h5>\n\n\n\n<p class=\"has-text-align-center has-palette-color-8-color has-text-color\" style=\"font-size:14px\">My name is Grzegorz B\u0142a\u017cko. I come from Gda\u0144sk but one day I came to Krak\u00f3w and I\u2018ve stayed since. I\u2019ve organised a working studio here and than, a little later I\u2019ve established my own gallery. In next several dozen years my gallery became also my workshop and that\u2019s how it is now. Galeria Blazko in the heart of Kazimierz quarter in Krak\u00f3w is the only place where I work at and display my jewellery.<\/p>\n\n\n\n<p class=\"has-text-align-center has-palette-color-8-color has-text-color\" style=\"font-size:14px\">Ever since I can remember I deal with nice objects, which I make of silver, copper, brass, crystals and acrylic. It is an excellent way to express myself.<\/p>\n\n\n\n<p class=\"has-text-align-center has-palette-color-8-color has-text-color\" style=\"font-size:14px\">In the past I\u2019ve been exhibiting my works in Poland and abroad and my jewellery can be found in various private and public collections. But for last few years I\u2019m focused only on creating jewellery for individual customers and unique designs.<\/p>\n\n\n\n<p class=\"has-text-align-center has-palette-color-8-color has-text-color\" style=\"font-size:14px\">Photos of my latest creations are posted almost everyday on <a rel=\"noreferrer noopener\" href=\"http:\/\/www.facebook.com\/blazkojewellery\" target=\"_blank\">Facebook<\/a> and <a rel=\"noreferrer noopener\" href=\"http:\/\/www.instagram.com\/blazko_jewellery\" target=\"_blank\">Instagram<\/a>, current offer available for order can be found at my <a href=\"http:\/\/www.sklep.blazko.pl\/en_GB\/index\">WebShop<\/a>, and of course at the Blazko Gallery in Krak\u00f3w.<\/p>\n\n\n\n<div class=\"wp-block-uagb-advanced-heading uagb-block-68e73e35\"><h2 class=\"uagb-heading-text\">Grzegorz B\u0142a\u017cko<\/h2><\/div>\n<\/div><\/div>\n<\/div>\n\n\n\n<div class=\"wp-block-essential-blocks-social\"><div class=\"eb-parent-wrapper eb-parent-eb-social-links-ubaydcm \"><div class=\"eb-social-links-ubaydcm eb-social-links-wrapper\"><ul class=\"eb-socials\"><li><a class=\"facebook-f-original  \" href=\"http:\/\/www.facebook.com\/blazko_jewellery\" target=\"_blank\" rel=\"noopener\"><i class=\"hvr-icon eb-social-icon fab fa-facebook-f\"><\/i><\/a><\/li><li><a class=\"instagram-original  \" href=\"https:\/\/www.instagram.com\/blazko_jewellery\/\" target=\"_blank\" rel=\"noopener\"><i class=\"hvr-icon eb-social-icon fab fa-instagram\"><\/i><\/a><\/li><li><a class=\"envelope-original  \" href=\"mailto:blazko@blazko.pl\" target=\"_blank\" rel=\"noopener\"><i class=\"hvr-icon eb-social-icon far fa-envelope\"><\/i><\/a><\/li><\/ul><\/div><\/div><\/div>\n","protected":false},"excerpt":{"rendered":"<p>about me My name is Grzegorz B\u0142a\u017cko. I come from Gda\u0144sk but one day I came to Krak\u00f3w and I\u2018ve stayed since. I\u2019ve organised a working studio here and than, a little later I\u2019ve established my own gallery. In next several dozen years my gallery became also my workshop and that\u2019s how it is now. [&hellip;]<\/p>\n","protected":false},"author":1,"featured_media":0,"parent":0,"menu_order":0,"comment_status":"closed","ping_status":"closed","template":"essential-blocks-fullwidth-template.php","meta":{"_eb_attr":"","_uag_custom_page_level_css":"","footnotes":""},"class_list":["post-813","page","type-page","status-publish","hentry"],"blocksy_meta":[],"uagb_featured_image_src":{"full":false,"thumbnail":false,"medium":false,"medium_large":false,"large":false,"1536x1536":false,"2048x2048":false},"uagb_author_info":{"display_name":"blazko","author_link":"https:\/\/blazko.pl\/?author=1"},"uagb_comment_info":0,"uagb_excerpt":"about me My name is Grzegorz B\u0142a\u017cko. I come from Gda\u0144sk but one day I came to Krak\u00f3w and I\u2018ve stayed since. I\u2019ve organised a working studio here and than, a little later I\u2019ve established my own gallery. In next several dozen years my gallery became also my workshop and that\u2019s how it is now.&hellip;","_links":{"self":[{"href":"https:\/\/blazko.pl\/index.php?rest_route=\/wp\/v2\/pages\/813","targetHints":{"allow":["GET"]}}],"collection":[{"href":"https:\/\/blazko.pl\/index.php?rest_route=\/wp\/v2\/pages"}],"about":[{"href":"https:\/\/blazko.pl\/index.php?rest_route=\/wp\/v2\/types\/page"}],"author":[{"embeddable":true,"href":"https:\/\/blazko.pl\/index.php?rest_route=\/wp\/v2\/users\/1"}],"replies":[{"embeddable":true,"href":"https:\/\/blazko.pl\/index.php?rest_route=%2Fwp%2Fv2%2Fcomments&post=813"}],"version-history":[{"count":1,"href":"https:\/\/blazko.pl\/index.php?rest_route=\/wp\/v2\/pages\/813\/revisions"}],"predecessor-version":[{"id":1076,"href":"https:\/\/blazko.pl\/index.php?rest_route=\/wp\/v2\/pages\/813\/revisions\/1076"}],"wp:attachment":[{"href":"https:\/\/blazko.pl\/index.php?rest_route=%2Fwp%2Fv2%2Fmedia&parent=813"}],"curies":[{"name":"wp","href":"https:\/\/api.w.org\/{rel}","templated":true}]}}