{"id":873,"date":"2023-09-05T15:27:01","date_gmt":"2023-09-05T13:27:01","guid":{"rendered":"http:\/\/blazko.pl\/?page_id=873"},"modified":"2025-05-20T17:27:57","modified_gmt":"2025-05-20T15:27:57","slug":"a-propos","status":"publish","type":"page","link":"https:\/\/blazko.pl\/?page_id=873&lang=fr","title":{"rendered":"\u00e0 propos"},"content":{"rendered":"\n<div class=\"wp-block-group alignfull has-black-background-color has-text-color has-background is-layout-flow wp-block-group-is-layout-flow\" style=\"color:#161616\">\n<div class=\"wp-block-media-text alignwide is-stacked-on-mobile is-vertically-aligned-top has-black-background-color has-background\" style=\"grid-template-columns:30% auto\"><figure class=\"wp-block-media-text__media\"><img loading=\"lazy\" decoding=\"async\" width=\"980\" height=\"1024\" src=\"http:\/\/blazko.pl\/wp-content\/uploads\/2023\/08\/DSC_2198b-980x1024.jpg\" alt=\"\" class=\"wp-image-704 size-full\" srcset=\"https:\/\/blazko.pl\/wp-content\/uploads\/2023\/08\/DSC_2198b-980x1024.jpg 980w, https:\/\/blazko.pl\/wp-content\/uploads\/2023\/08\/DSC_2198b-287x300.jpg 287w, https:\/\/blazko.pl\/wp-content\/uploads\/2023\/08\/DSC_2198b-768x802.jpg 768w, https:\/\/blazko.pl\/wp-content\/uploads\/2023\/08\/DSC_2198b-1470x1536.jpg 1470w, https:\/\/blazko.pl\/wp-content\/uploads\/2023\/08\/DSC_2198b-1960x2048.jpg 1960w\" sizes=\"auto, (max-width: 980px) 100vw, 980px\" \/><\/figure><div class=\"wp-block-media-text__content\">\n<h5 class=\"wp-block-heading has-text-align-center has-text-color\" style=\"color:#d7d7d7\">\u00e0 propos<\/h5>\n\n\n\n<p class=\"has-text-align-center has-palette-color-8-color has-text-color\" style=\"font-size:14px\">Je m\u2019appelle Grzegorz B\u0142a\u017cko. Je viens de la Gda\u0144sk. Un jour je suis venu \u00e0 Cracovie et j\u2019y suis rest\u00e9. J\u2019ai fond\u00e9 mon atelier et ensuite, ma propre galerie de bijoux. Au fil des ann\u00e9es, aussi bien inspirantes, spectaculaires que folles, ma galerie est devenue aussi mon atelier et elle fonctionne comme \u00e7a aujourd\u2019hui. La galerie Blazko est situ\u00e9e \u00e0 Cracovie, au coeur de Kazimierz. C\u2019est le seul endroit o\u00f9 je travaille et je pr\u00e9sente mes bijoux.<\/p>\n\n\n\n<p class=\"has-text-align-center has-palette-color-8-color has-text-color\" style=\"font-size:14px\">Depuis toujours je m\u2019occupe de beaux objets que je fabrique en argent, cuivre, laiton, avec des pierres synth\u00e9tiques et de l\u2019acrylic. Cette activit\u00e9 est une fa\u00e7on excellente de m\u2019exprimer.<\/p>\n\n\n\n<p class=\"has-text-align-center has-palette-color-8-color has-text-color\" style=\"font-size:14px\">Dans le pass\u00e9, mes bijoux ont \u00e9t\u00e9 expos\u00e9s en Pologne et \u00e0 l\u2019\u00e9tranger, ils se trouvent dans de nombreuses collections priv\u00e9es et publiques. Aujourd\u2019hui je me concentre uniquement sur la cr\u00e9ation de bijoux pour les clients individuels.<\/p>\n\n\n\n<p class=\"has-text-align-center has-palette-color-8-color has-text-color\" style=\"font-size:14px\">Certains sont toujours pr\u00e9sents dans notre offre. Toutes les collections actuelles et les objets disponibles, vous les trouvez \u00e0 notre <a rel=\"noreferrer noopener\" href=\"http:\/\/www.sklep.blazko.pl\" target=\"_blank\">boutique en ligne<\/a>. Si vous voulez \u00eatre au courant de nos nouveaut\u00e9s, vous pouvez nous observer sur <a rel=\"noreferrer noopener\" href=\"http:\/\/www.instagram.com\/blazko_jewellery\" target=\"_blank\">Instagram<\/a> ou <a rel=\"noreferrer noopener\" href=\"http:\/\/www.facebook.com\/blazkojewellery\" target=\"_blank\">Facebook<\/a> o\u00f9 nous publions r\u00e9guli\u00e8rement des photos de nos derni\u00e8res r\u00e9alisations. Bien s\u00fbr vous \u00eates les bienvenus \u00e0 la Galerie Blazko.<\/p>\n\n\n\n<div class=\"wp-block-uagb-advanced-heading uagb-block-68e73e35\"><h2 class=\"uagb-heading-text\">Grzegorz B\u0142a\u017cko<\/h2><\/div>\n<\/div><\/div>\n<\/div>\n\n\n\n<div class=\"wp-block-essential-blocks-social\"><div class=\"eb-parent-wrapper eb-parent-eb-social-links-ubaydcm \"><div class=\"eb-social-links-ubaydcm eb-social-links-wrapper\"><ul class=\"eb-socials\"><li><a class=\"facebook-f-original  \" href=\"http:\/\/www.facebook.com\/blazko_jewellery\" target=\"_blank\" rel=\"noopener\"><i class=\"hvr-icon eb-social-icon fab fa-facebook-f\"><\/i><\/a><\/li><li><a class=\"instagram-original  \" href=\"https:\/\/www.instagram.com\/blazko_jewellery\/\" target=\"_blank\" rel=\"noopener\"><i class=\"hvr-icon eb-social-icon fab fa-instagram\"><\/i><\/a><\/li><li><a class=\"envelope-original  \" href=\"mailto:blazko@blazko.pl\" target=\"_blank\" rel=\"noopener\"><i class=\"hvr-icon eb-social-icon far fa-envelope\"><\/i><\/a><\/li><\/ul><\/div><\/div><\/div>\n","protected":false},"excerpt":{"rendered":"<p>\u00e0 propos Je m\u2019appelle Grzegorz B\u0142a\u017cko. Je viens de la Gda\u0144sk. Un jour je suis venu \u00e0 Cracovie et j\u2019y suis rest\u00e9. J\u2019ai fond\u00e9 mon atelier et ensuite, ma propre galerie de bijoux. Au fil des ann\u00e9es, aussi bien inspirantes, spectaculaires que folles, ma galerie est devenue aussi mon atelier et elle fonctionne comme \u00e7a [&hellip;]<\/p>\n","protected":false},"author":1,"featured_media":0,"parent":0,"menu_order":0,"comment_status":"closed","ping_status":"closed","template":"essential-blocks-fullwidth-template.php","meta":{"_eb_attr":"","_uag_custom_page_level_css":"","footnotes":""},"class_list":["post-873","page","type-page","status-publish","hentry"],"blocksy_meta":[],"uagb_featured_image_src":{"full":false,"thumbnail":false,"medium":false,"medium_large":false,"large":false,"1536x1536":false,"2048x2048":false},"uagb_author_info":{"display_name":"blazko","author_link":"https:\/\/blazko.pl\/?author=1"},"uagb_comment_info":0,"uagb_excerpt":"\u00e0 propos Je m\u2019appelle Grzegorz B\u0142a\u017cko. Je viens de la Gda\u0144sk. Un jour je suis venu \u00e0 Cracovie et j\u2019y suis rest\u00e9. J\u2019ai fond\u00e9 mon atelier et ensuite, ma propre galerie de bijoux. Au fil des ann\u00e9es, aussi bien inspirantes, spectaculaires que folles, ma galerie est devenue aussi mon atelier et elle fonctionne comme \u00e7a&hellip;","_links":{"self":[{"href":"https:\/\/blazko.pl\/index.php?rest_route=\/wp\/v2\/pages\/873","targetHints":{"allow":["GET"]}}],"collection":[{"href":"https:\/\/blazko.pl\/index.php?rest_route=\/wp\/v2\/pages"}],"about":[{"href":"https:\/\/blazko.pl\/index.php?rest_route=\/wp\/v2\/types\/page"}],"author":[{"embeddable":true,"href":"https:\/\/blazko.pl\/index.php?rest_route=\/wp\/v2\/users\/1"}],"replies":[{"embeddable":true,"href":"https:\/\/blazko.pl\/index.php?rest_route=%2Fwp%2Fv2%2Fcomments&post=873"}],"version-history":[{"count":1,"href":"https:\/\/blazko.pl\/index.php?rest_route=\/wp\/v2\/pages\/873\/revisions"}],"predecessor-version":[{"id":1077,"href":"https:\/\/blazko.pl\/index.php?rest_route=\/wp\/v2\/pages\/873\/revisions\/1077"}],"wp:attachment":[{"href":"https:\/\/blazko.pl\/index.php?rest_route=%2Fwp%2Fv2%2Fmedia&parent=873"}],"curies":[{"name":"wp","href":"https:\/\/api.w.org\/{rel}","templated":true}]}}