{"id":877,"date":"2023-09-05T15:29:14","date_gmt":"2023-09-05T13:29:14","guid":{"rendered":"http:\/\/blazko.pl\/?page_id=877"},"modified":"2024-11-30T00:07:52","modified_gmt":"2024-11-29T23:07:52","slug":"photos","status":"publish","type":"page","link":"https:\/\/blazko.pl\/?page_id=877&lang=fr","title":{"rendered":"photos"},"content":{"rendered":"\n<div class=\"wp-block-essential-blocks-advanced-heading\"><div class=\"eb-parent-wrapper eb-parent-eb-advance-heading-dt3fpgl \"><div class=\"eb-advance-heading-wrapper eb-advance-heading-dt3fpgl button-1\" data-id=\"eb-advance-heading-dt3fpgl\"><h2 class=\"eb-ah-title\">Photos<\/h2><p class=\"eb-ah-subtitle\">La galerie de photos contient plusieVous trouverez ici quelques photos de mes bijoux : bracelets, bagues, boucles d&#8217;oreilles, colliers. Certains d&#8217;entre eux sont frais, d&#8217;autres plus anciens, certains classiques reproductibles, certaines pi\u00e8ces uniques. Pour les derni\u00e8res cr\u00e9ations, veuillez visiter mes pages Facebook et Instagram.urs exemples de mes bijoux : bracelets, bagues, alliances, colliers, collections classiques et plus r\u00e9centes, reproductibles et uniques. Les derniers projets sont publi\u00e9s r\u00e9guli\u00e8rement sur <a href=\"http:\/\/www.facebook.com\/blazkojewellery\">Facebook<\/a> et <a href=\"http:\/\/www.instagram.com\/blazko_jewellery\">Instagram<\/a>. Je vous invite \u00e0 regarder.<\/p><div class=\"eb-ah-separator line\"><\/div><\/div><\/div><\/div>\n\n\n\n<div class=\"wp-block-uagb-container uagb-block-8428943f alignfull uagb-is-root-container\"><div class=\"uagb-container-inner-blocks-wrap\"><div  id=\"jtg-533\" class=\"modula modula-gallery modula-creative-gallery\" data-config=\"{&quot;height&quot;:600,&quot;tabletHeight&quot;:600,&quot;mobileHeight&quot;:600,&quot;desktopHeight&quot;:600,&quot;enableTwitter&quot;:false,&quot;enableWhatsapp&quot;:false,&quot;enableFacebook&quot;:true,&quot;enablePinterest&quot;:false,&quot;enableLinkedin&quot;:false,&quot;enableEmail&quot;:false,&quot;randomFactor&quot;:0.5,&quot;type&quot;:&quot;creative-gallery&quot;,&quot;columns&quot;:12,&quot;gutter&quot;:10,&quot;mobileGutter&quot;:10,&quot;tabletGutter&quot;:10,&quot;desktopGutter&quot;:10,&quot;enableResponsive&quot;:&quot;0&quot;,&quot;tabletColumns&quot;:&quot;2&quot;,&quot;mobileColumns&quot;:&quot;1&quot;,&quot;lazyLoad&quot;:0,&quot;lightboxOpts&quot;:{&quot;animated&quot;:true,&quot;Thumbs&quot;:{&quot;type&quot;:&quot;modern&quot;,&quot;showOnStart&quot;:false},&quot;Toolbar&quot;:{&quot;display&quot;:{&quot;right&quot;:[&quot;close&quot;]},&quot;enabled&quot;:true},&quot;Carousel&quot;:{&quot;Panzoom&quot;:{&quot;touch&quot;:true},&quot;infinite&quot;:false},&quot;keyboard&quot;:{&quot;Escape&quot;:&quot;close&quot;,&quot;Delete&quot;:&quot;close&quot;,&quot;Backspace&quot;:&quot;close&quot;,&quot;PageUp&quot;:false,&quot;PageDown&quot;:false,&quot;ArrowUp&quot;:false,&quot;ArrowDown&quot;:false,&quot;ArrowRight&quot;:false,&quot;ArrowLeft&quot;:false},&quot;touch&quot;:false,&quot;backdropClick&quot;:false,&quot;l10n&quot;:{&quot;CLOSE&quot;:&quot;Zamknij&quot;,&quot;NEXT&quot;:&quot;Nast\\u0119pny&quot;,&quot;PREV&quot;:&quot;Poprzedni&quot;,&quot;Error&quot;:&quot;Nie mo\\u017cna wczyta\\u0107 \\u017c\\u0105danej tre\\u015bci. Spr\\u00f3buj ponownie p\\u00f3\\u017aniej.&quot;,&quot;PLAY_START&quot;:&quot;Rozpocznij pokaz slajd\\u00f3w&quot;,&quot;PLAY_STOP&quot;:&quot;Zatrzymaj pokaz slajd\\u00f3w&quot;,&quot;FULL_SCREEN&quot;:&quot;Pe\\u0142ny ekran&quot;,&quot;THUMBS&quot;:&quot;Miniaturki&quot;,&quot;DOWNLOAD&quot;:&quot;Pobieranie&quot;,&quot;SHARE&quot;:&quot;Udost\\u0119pnij&quot;,&quot;ZOOM&quot;:&quot;Powi\\u0119kszenie&quot;,&quot;EMAIL&quot;:&quot;Here is the link to the image : %%image_link%% and this is the link to the gallery : %%gallery_link%%&quot;,&quot;MODAL&quot;:&quot;Mo\\u017cesz zamkn\\u0105\\u0107 t\\u0119 zawarto\\u015b\\u0107 okna modalnego za pomoc\\u0105 klawisza ESC&quot;,&quot;ERROR&quot;:&quot;Co\\u015b posz\\u0142o nie tak. Spr\\u00f3buj ponownie p\\u00f3\\u017aniej&quot;,&quot;IMAGE_ERROR&quot;:&quot;Nie znaleziono obrazka&quot;,&quot;ELEMENT_NOT_FOUND&quot;:&quot;Nie znaleziono elementu HTML&quot;,&quot;AJAX_NOT_FOUND&quot;:&quot;B\\u0142\\u0105d wczytywania AJAX: Nie znaleziono&quot;,&quot;AJAX_FORBIDDEN&quot;:&quot;B\\u0142\\u0105d wczytywania AJAX: Zabronione&quot;,&quot;IFRAME_ERROR&quot;:&quot;B\\u0142\\u0105d wczytywania strony&quot;,&quot;TOGGLE_ZOOM&quot;:&quot;Prze\\u0142\\u0105cz poziom powi\\u0119kszenia&quot;,&quot;TOGGLE_THUMBS&quot;:&quot;Prze\\u0142\\u0105cz miniaturki&quot;,&quot;TOGGLE_SLIDESHOW&quot;:&quot;Prze\\u0142\\u0105cz pokaz slajd\\u00f3w&quot;,&quot;TOGGLE_FULLSCREEN&quot;:&quot;Prze\\u0142\\u0105cz tryb pe\\u0142noekranowy&quot;},&quot;Images&quot;:{&quot;Panzoom&quot;:{&quot;maxScale&quot;:2}},&quot;mainClass&quot;:&quot;modula-fancybox-container modula-lightbox-jtg-533&quot;,&quot;Html&quot;:{&quot;videoAutoplay&quot;:0,&quot;videoTpl&quot;:&quot;&lt;video class=\\&quot;fancybox__html5video\\&quot; controls muted playsinline controlsList controlsList=\\&quot;nodownload\\&quot; poster=\\&quot;{{poster}}\\&quot; src=\\&quot;{{src}}\\&quot; type=\\&quot;{{format}}\\&quot; &gt;  Sorry, your browser doesn&#039;t support embedded videos, &lt;a href=\\&quot;{{src}}\\&quot;&gt; download &lt;\\\/a&gt; and watch with your favorite video player! &lt;\\\/video&gt;&quot;}},&quot;inView&quot;:true,&quot;email_subject&quot;:&quot;Sprawd\\u017a ten niesamowity obrazek!&quot;,&quot;email_message&quot;:&quot;Oto odno\\u015bnik do obrazku: %%image_link%%, a to odno\\u015bnik do galerii: %%gallery_link%%&quot;,&quot;lightbox&quot;:&quot;fancybox&quot;}\">\n\n\t\n\t<div  class=\"modula-items\">\n\t\t<div class=\"modula-item\" >\n\t<div class=\"modula-item-content\">\n\t\t\n\t\t\t\t\t<a data-image-id=\"234\" role=\"button\" tabindex=\"0\" rel=\"jtg-533\" data-caption=\"\" aria-label=\"Otw\u00f3rz obrazek w lightboxie\" class=\"tile-inner modula-item-link\"><\/a>\n\t\t\n\t\t<img loading=\"lazy\" decoding=\"async\" class=\"pic wp-image-234\"  data-valign=\"middle\" data-halign=\"center\" alt=\"\" data-full=\"https:\/\/blazko.pl\/wp-content\/uploads\/2023\/08\/IMG_9148.jpg\" title=\"IMG_9148\" crop=\"\" width=\"828\" height=\"820\" src=\"https:\/\/blazko.pl\/wp-content\/uploads\/2023\/08\/IMG_9148.jpg\" data-src=\"https:\/\/blazko.pl\/wp-content\/uploads\/2023\/08\/IMG_9148.jpg\" data-caption=\"\" srcset=\"https:\/\/blazko.pl\/wp-content\/uploads\/2023\/08\/IMG_9148.jpg 828w, https:\/\/blazko.pl\/wp-content\/uploads\/2023\/08\/IMG_9148-300x297.jpg 300w, https:\/\/blazko.pl\/wp-content\/uploads\/2023\/08\/IMG_9148-150x150.jpg 150w, https:\/\/blazko.pl\/wp-content\/uploads\/2023\/08\/IMG_9148-768x761.jpg 768w\" sizes=\"auto, (max-width: 828px) 100vw, 828px\" \/>\t<div class=\"jtg-social-expandable \">\n\t\t<a class=\"modula-icon-share\" aria-label=\"Kliknij, aby udost\u0119pni\u0107\" href=\"#\"><svg xmlns=\"http:\/\/www.w3.org\/2000\/svg\" viewBox=\"0 0 24 24\" tabindex=\"-1\" width=\"24\" height=\"24\"><path d=\"M2.55 19c1.4-8.4 9.1-9.8 11.9-9.8V5l7 7-7 6.3v-3.5c-2.8 0-10.5 2.1-11.9 4.2z\"><\/path><\/svg><\/a>\n\t<\/div>\n\t<div class=\"jtg-social-expandable-icons \">\n\t\t\t\t\t\t\t\t\t\t<a class=\"modula-icon-facebook\" aria-label=\"Udost\u0119pnij na Facebooku\"  data-modula-gallery-id=\"533\" data-modula-item-id=\"234\" data-modula-image-src=\"https:\/\/blazko.pl\/wp-content\/uploads\/2023\/08\/IMG_9148.jpg\"\t\t\t\thref=\"#\"><svg\n\t\t\t\t\twidth=\"20px\"\n\t\t\t\t\theight=\"20px\"\n\t\t\t\t\tviewBox=\"0 0 20 20\"\n\t\t\t\t\taria-hidden=\"true\">\n\t\t\t\t\t\t<path d=\"M20,10.1c0-5.5-4.5-10-10-10S0,4.5,0,10.1c0,5,3.7,9.1,8.4,9.9v-7H5.9v-2.9h2.5V7.9C8.4,5.4,9.9,4,12.2,4c1.1,0,2.2,0.2,2.2,0.2v2.5h-1.3c-1.2,0-1.6,0.8-1.6,1.6v1.9h2.8L13.9,13h-2.3v7C16.3,19.2,20,15.1,20,10.1z\"\/>\n\t\t\t\t\t<\/svg><\/a>\n\t\t\t\t\t\t\t\t\t\t\t\t\t\t\t\t\t\t\t\t<\/div>\n\t\n\t<\/div>\n\n<\/div><div class=\"modula-item\" >\n\t<div class=\"modula-item-content\">\n\t\t\n\t\t\t\t\t<a data-image-id=\"232\" role=\"button\" tabindex=\"0\" rel=\"jtg-533\" data-caption=\"\" aria-label=\"Otw\u00f3rz obrazek w lightboxie\" class=\"tile-inner modula-item-link\"><\/a>\n\t\t\n\t\t<img loading=\"lazy\" decoding=\"async\" class=\"pic wp-image-232\"  data-valign=\"middle\" data-halign=\"center\" alt=\"\" data-full=\"https:\/\/blazko.pl\/wp-content\/uploads\/2023\/08\/IMG_9146.jpg\" title=\"IMG_9146\" crop=\"\" width=\"828\" height=\"823\" src=\"https:\/\/blazko.pl\/wp-content\/uploads\/2023\/08\/IMG_9146.jpg\" data-src=\"https:\/\/blazko.pl\/wp-content\/uploads\/2023\/08\/IMG_9146.jpg\" data-caption=\"\" srcset=\"https:\/\/blazko.pl\/wp-content\/uploads\/2023\/08\/IMG_9146.jpg 828w, https:\/\/blazko.pl\/wp-content\/uploads\/2023\/08\/IMG_9146-300x298.jpg 300w, https:\/\/blazko.pl\/wp-content\/uploads\/2023\/08\/IMG_9146-150x150.jpg 150w, https:\/\/blazko.pl\/wp-content\/uploads\/2023\/08\/IMG_9146-768x763.jpg 768w\" sizes=\"auto, (max-width: 828px) 100vw, 828px\" \/>\t<div class=\"jtg-social-expandable \">\n\t\t<a class=\"modula-icon-share\" aria-label=\"Kliknij, aby udost\u0119pni\u0107\" href=\"#\"><svg xmlns=\"http:\/\/www.w3.org\/2000\/svg\" viewBox=\"0 0 24 24\" tabindex=\"-1\" width=\"24\" height=\"24\"><path d=\"M2.55 19c1.4-8.4 9.1-9.8 11.9-9.8V5l7 7-7 6.3v-3.5c-2.8 0-10.5 2.1-11.9 4.2z\"><\/path><\/svg><\/a>\n\t<\/div>\n\t<div class=\"jtg-social-expandable-icons \">\n\t\t\t\t\t\t\t\t\t\t<a class=\"modula-icon-facebook\" aria-label=\"Udost\u0119pnij na Facebooku\"  data-modula-gallery-id=\"533\" data-modula-item-id=\"232\" data-modula-image-src=\"https:\/\/blazko.pl\/wp-content\/uploads\/2023\/08\/IMG_9146.jpg\"\t\t\t\thref=\"#\"><svg\n\t\t\t\t\twidth=\"20px\"\n\t\t\t\t\theight=\"20px\"\n\t\t\t\t\tviewBox=\"0 0 20 20\"\n\t\t\t\t\taria-hidden=\"true\">\n\t\t\t\t\t\t<path d=\"M20,10.1c0-5.5-4.5-10-10-10S0,4.5,0,10.1c0,5,3.7,9.1,8.4,9.9v-7H5.9v-2.9h2.5V7.9C8.4,5.4,9.9,4,12.2,4c1.1,0,2.2,0.2,2.2,0.2v2.5h-1.3c-1.2,0-1.6,0.8-1.6,1.6v1.9h2.8L13.9,13h-2.3v7C16.3,19.2,20,15.1,20,10.1z\"\/>\n\t\t\t\t\t<\/svg><\/a>\n\t\t\t\t\t\t\t\t\t\t\t\t\t\t\t\t\t\t\t\t<\/div>\n\t\n\t<\/div>\n\n<\/div><div class=\"modula-item\" >\n\t<div class=\"modula-item-content\">\n\t\t\n\t\t\t\t\t<a data-image-id=\"231\" role=\"button\" tabindex=\"0\" rel=\"jtg-533\" data-caption=\"\" aria-label=\"Otw\u00f3rz obrazek w lightboxie\" class=\"tile-inner modula-item-link\"><\/a>\n\t\t\n\t\t<img loading=\"lazy\" decoding=\"async\" class=\"pic wp-image-231\"  data-valign=\"middle\" data-halign=\"center\" alt=\"\" data-full=\"https:\/\/blazko.pl\/wp-content\/uploads\/2023\/08\/IMG_9145-1.jpg\" title=\"IMG_9145\" crop=\"\" width=\"828\" height=\"824\" src=\"https:\/\/blazko.pl\/wp-content\/uploads\/2023\/08\/IMG_9145-1.jpg\" data-src=\"https:\/\/blazko.pl\/wp-content\/uploads\/2023\/08\/IMG_9145-1.jpg\" data-caption=\"\" srcset=\"https:\/\/blazko.pl\/wp-content\/uploads\/2023\/08\/IMG_9145-1.jpg 828w, https:\/\/blazko.pl\/wp-content\/uploads\/2023\/08\/IMG_9145-1-300x300.jpg 300w, https:\/\/blazko.pl\/wp-content\/uploads\/2023\/08\/IMG_9145-1-150x150.jpg 150w, https:\/\/blazko.pl\/wp-content\/uploads\/2023\/08\/IMG_9145-1-768x764.jpg 768w\" sizes=\"auto, (max-width: 828px) 100vw, 828px\" \/>\t<div class=\"jtg-social-expandable \">\n\t\t<a class=\"modula-icon-share\" aria-label=\"Kliknij, aby udost\u0119pni\u0107\" href=\"#\"><svg xmlns=\"http:\/\/www.w3.org\/2000\/svg\" viewBox=\"0 0 24 24\" tabindex=\"-1\" width=\"24\" height=\"24\"><path d=\"M2.55 19c1.4-8.4 9.1-9.8 11.9-9.8V5l7 7-7 6.3v-3.5c-2.8 0-10.5 2.1-11.9 4.2z\"><\/path><\/svg><\/a>\n\t<\/div>\n\t<div class=\"jtg-social-expandable-icons \">\n\t\t\t\t\t\t\t\t\t\t<a class=\"modula-icon-facebook\" aria-label=\"Udost\u0119pnij na Facebooku\"  data-modula-gallery-id=\"533\" data-modula-item-id=\"231\" data-modula-image-src=\"https:\/\/blazko.pl\/wp-content\/uploads\/2023\/08\/IMG_9145-1.jpg\"\t\t\t\thref=\"#\"><svg\n\t\t\t\t\twidth=\"20px\"\n\t\t\t\t\theight=\"20px\"\n\t\t\t\t\tviewBox=\"0 0 20 20\"\n\t\t\t\t\taria-hidden=\"true\">\n\t\t\t\t\t\t<path d=\"M20,10.1c0-5.5-4.5-10-10-10S0,4.5,0,10.1c0,5,3.7,9.1,8.4,9.9v-7H5.9v-2.9h2.5V7.9C8.4,5.4,9.9,4,12.2,4c1.1,0,2.2,0.2,2.2,0.2v2.5h-1.3c-1.2,0-1.6,0.8-1.6,1.6v1.9h2.8L13.9,13h-2.3v7C16.3,19.2,20,15.1,20,10.1z\"\/>\n\t\t\t\t\t<\/svg><\/a>\n\t\t\t\t\t\t\t\t\t\t\t\t\t\t\t\t\t\t\t\t<\/div>\n\t\n\t<\/div>\n\n<\/div><div class=\"modula-item\" >\n\t<div class=\"modula-item-content\">\n\t\t\n\t\t\t\t\t<a data-image-id=\"228\" role=\"button\" tabindex=\"0\" rel=\"jtg-533\" data-caption=\"\" aria-label=\"Otw\u00f3rz obrazek w lightboxie\" class=\"tile-inner modula-item-link\"><\/a>\n\t\t\n\t\t<img loading=\"lazy\" decoding=\"async\" class=\"pic wp-image-228\"  data-valign=\"middle\" data-halign=\"center\" alt=\"\" data-full=\"https:\/\/blazko.pl\/wp-content\/uploads\/2023\/08\/IMG_9145.jpg\" title=\"IMG_9145\" crop=\"\" width=\"828\" height=\"824\" src=\"https:\/\/blazko.pl\/wp-content\/uploads\/2023\/08\/IMG_9145.jpg\" data-src=\"https:\/\/blazko.pl\/wp-content\/uploads\/2023\/08\/IMG_9145.jpg\" data-caption=\"\" srcset=\"https:\/\/blazko.pl\/wp-content\/uploads\/2023\/08\/IMG_9145.jpg 828w, https:\/\/blazko.pl\/wp-content\/uploads\/2023\/08\/IMG_9145-300x300.jpg 300w, https:\/\/blazko.pl\/wp-content\/uploads\/2023\/08\/IMG_9145-150x150.jpg 150w, https:\/\/blazko.pl\/wp-content\/uploads\/2023\/08\/IMG_9145-768x764.jpg 768w\" sizes=\"auto, (max-width: 828px) 100vw, 828px\" \/>\t<div class=\"jtg-social-expandable \">\n\t\t<a class=\"modula-icon-share\" aria-label=\"Kliknij, aby udost\u0119pni\u0107\" href=\"#\"><svg xmlns=\"http:\/\/www.w3.org\/2000\/svg\" viewBox=\"0 0 24 24\" tabindex=\"-1\" width=\"24\" height=\"24\"><path d=\"M2.55 19c1.4-8.4 9.1-9.8 11.9-9.8V5l7 7-7 6.3v-3.5c-2.8 0-10.5 2.1-11.9 4.2z\"><\/path><\/svg><\/a>\n\t<\/div>\n\t<div class=\"jtg-social-expandable-icons \">\n\t\t\t\t\t\t\t\t\t\t<a class=\"modula-icon-facebook\" aria-label=\"Udost\u0119pnij na Facebooku\"  data-modula-gallery-id=\"533\" data-modula-item-id=\"228\" data-modula-image-src=\"https:\/\/blazko.pl\/wp-content\/uploads\/2023\/08\/IMG_9145.jpg\"\t\t\t\thref=\"#\"><svg\n\t\t\t\t\twidth=\"20px\"\n\t\t\t\t\theight=\"20px\"\n\t\t\t\t\tviewBox=\"0 0 20 20\"\n\t\t\t\t\taria-hidden=\"true\">\n\t\t\t\t\t\t<path d=\"M20,10.1c0-5.5-4.5-10-10-10S0,4.5,0,10.1c0,5,3.7,9.1,8.4,9.9v-7H5.9v-2.9h2.5V7.9C8.4,5.4,9.9,4,12.2,4c1.1,0,2.2,0.2,2.2,0.2v2.5h-1.3c-1.2,0-1.6,0.8-1.6,1.6v1.9h2.8L13.9,13h-2.3v7C16.3,19.2,20,15.1,20,10.1z\"\/>\n\t\t\t\t\t<\/svg><\/a>\n\t\t\t\t\t\t\t\t\t\t\t\t\t\t\t\t\t\t\t\t<\/div>\n\t\n\t<\/div>\n\n<\/div><div class=\"modula-item\" >\n\t<div class=\"modula-item-content\">\n\t\t\n\t\t\t\t\t<a data-image-id=\"156\" role=\"button\" tabindex=\"0\" rel=\"jtg-533\" data-caption=\"\" aria-label=\"Otw\u00f3rz obrazek w lightboxie\" class=\"tile-inner modula-item-link\"><\/a>\n\t\t\n\t\t<img loading=\"lazy\" decoding=\"async\" class=\"pic wp-image-156\"  data-valign=\"middle\" data-halign=\"center\" alt=\"\" data-full=\"https:\/\/blazko.pl\/wp-content\/uploads\/2023\/08\/dv.jpg\" title=\"dv\" crop=\"\" width=\"500\" height=\"750\" src=\"https:\/\/blazko.pl\/wp-content\/uploads\/2023\/08\/dv.jpg\" data-src=\"https:\/\/blazko.pl\/wp-content\/uploads\/2023\/08\/dv.jpg\" data-caption=\"\" srcset=\"https:\/\/blazko.pl\/wp-content\/uploads\/2023\/08\/dv.jpg 500w, https:\/\/blazko.pl\/wp-content\/uploads\/2023\/08\/dv-200x300.jpg 200w\" sizes=\"auto, (max-width: 500px) 100vw, 500px\" \/>\t<div class=\"jtg-social-expandable \">\n\t\t<a class=\"modula-icon-share\" aria-label=\"Kliknij, aby udost\u0119pni\u0107\" href=\"#\"><svg xmlns=\"http:\/\/www.w3.org\/2000\/svg\" viewBox=\"0 0 24 24\" tabindex=\"-1\" width=\"24\" height=\"24\"><path d=\"M2.55 19c1.4-8.4 9.1-9.8 11.9-9.8V5l7 7-7 6.3v-3.5c-2.8 0-10.5 2.1-11.9 4.2z\"><\/path><\/svg><\/a>\n\t<\/div>\n\t<div class=\"jtg-social-expandable-icons \">\n\t\t\t\t\t\t\t\t\t\t<a class=\"modula-icon-facebook\" aria-label=\"Udost\u0119pnij na Facebooku\"  data-modula-gallery-id=\"533\" data-modula-item-id=\"156\" data-modula-image-src=\"https:\/\/blazko.pl\/wp-content\/uploads\/2023\/08\/dv.jpg\"\t\t\t\thref=\"#\"><svg\n\t\t\t\t\twidth=\"20px\"\n\t\t\t\t\theight=\"20px\"\n\t\t\t\t\tviewBox=\"0 0 20 20\"\n\t\t\t\t\taria-hidden=\"true\">\n\t\t\t\t\t\t<path d=\"M20,10.1c0-5.5-4.5-10-10-10S0,4.5,0,10.1c0,5,3.7,9.1,8.4,9.9v-7H5.9v-2.9h2.5V7.9C8.4,5.4,9.9,4,12.2,4c1.1,0,2.2,0.2,2.2,0.2v2.5h-1.3c-1.2,0-1.6,0.8-1.6,1.6v1.9h2.8L13.9,13h-2.3v7C16.3,19.2,20,15.1,20,10.1z\"\/>\n\t\t\t\t\t<\/svg><\/a>\n\t\t\t\t\t\t\t\t\t\t\t\t\t\t\t\t\t\t\t\t<\/div>\n\t\n\t<\/div>\n\n<\/div><div class=\"modula-item\" >\n\t<div class=\"modula-item-content\">\n\t\t\n\t\t\t\t\t<a data-image-id=\"97\" role=\"button\" tabindex=\"0\" rel=\"jtg-533\" data-caption=\"\" aria-label=\"Otw\u00f3rz obrazek w lightboxie\" class=\"tile-inner modula-item-link\"><\/a>\n\t\t\n\t\t<img loading=\"lazy\" decoding=\"async\" class=\"pic wp-image-97\"  data-valign=\"middle\" data-halign=\"center\" alt=\"\" data-full=\"https:\/\/blazko.pl\/wp-content\/uploads\/2023\/08\/theme51.jpg\" title=\"theme51\" crop=\"\" width=\"1600\" height=\"1000\" src=\"https:\/\/blazko.pl\/wp-content\/uploads\/2023\/08\/theme51.jpg\" data-src=\"https:\/\/blazko.pl\/wp-content\/uploads\/2023\/08\/theme51.jpg\" data-caption=\"\" srcset=\"https:\/\/blazko.pl\/wp-content\/uploads\/2023\/08\/theme51.jpg 1600w, https:\/\/blazko.pl\/wp-content\/uploads\/2023\/08\/theme51-300x188.jpg 300w, https:\/\/blazko.pl\/wp-content\/uploads\/2023\/08\/theme51-1024x640.jpg 1024w, https:\/\/blazko.pl\/wp-content\/uploads\/2023\/08\/theme51-768x480.jpg 768w, https:\/\/blazko.pl\/wp-content\/uploads\/2023\/08\/theme51-1536x960.jpg 1536w\" sizes=\"auto, (max-width: 1600px) 100vw, 1600px\" \/>\t<div class=\"jtg-social-expandable \">\n\t\t<a class=\"modula-icon-share\" aria-label=\"Kliknij, aby udost\u0119pni\u0107\" href=\"#\"><svg xmlns=\"http:\/\/www.w3.org\/2000\/svg\" viewBox=\"0 0 24 24\" tabindex=\"-1\" width=\"24\" height=\"24\"><path d=\"M2.55 19c1.4-8.4 9.1-9.8 11.9-9.8V5l7 7-7 6.3v-3.5c-2.8 0-10.5 2.1-11.9 4.2z\"><\/path><\/svg><\/a>\n\t<\/div>\n\t<div class=\"jtg-social-expandable-icons \">\n\t\t\t\t\t\t\t\t\t\t<a class=\"modula-icon-facebook\" aria-label=\"Udost\u0119pnij na Facebooku\"  data-modula-gallery-id=\"533\" data-modula-item-id=\"97\" data-modula-image-src=\"https:\/\/blazko.pl\/wp-content\/uploads\/2023\/08\/theme51.jpg\"\t\t\t\thref=\"#\"><svg\n\t\t\t\t\twidth=\"20px\"\n\t\t\t\t\theight=\"20px\"\n\t\t\t\t\tviewBox=\"0 0 20 20\"\n\t\t\t\t\taria-hidden=\"true\">\n\t\t\t\t\t\t<path d=\"M20,10.1c0-5.5-4.5-10-10-10S0,4.5,0,10.1c0,5,3.7,9.1,8.4,9.9v-7H5.9v-2.9h2.5V7.9C8.4,5.4,9.9,4,12.2,4c1.1,0,2.2,0.2,2.2,0.2v2.5h-1.3c-1.2,0-1.6,0.8-1.6,1.6v1.9h2.8L13.9,13h-2.3v7C16.3,19.2,20,15.1,20,10.1z\"\/>\n\t\t\t\t\t<\/svg><\/a>\n\t\t\t\t\t\t\t\t\t\t\t\t\t\t\t\t\t\t\t\t<\/div>\n\t\n\t<\/div>\n\n<\/div>\t\t\n\t<\/div>\n\n\t\n\t\n\t<script type=\"application\/ld+json\">\n\t{\n\t\t\"@context\": \"http:\/\/schema.org\",\n\t\t\"@type\"   : \"ImageGallery\",\n\t\t\"id\"      : \"https:\/\/blazko.pl\/?page_id=877&#038;lang=fr\/\",\n\t\t\"url\"     : \"https:\/\/blazko.pl\/?page_id=877&#038;lang=fr\/\"\n\t}\n\n\t<\/script>\n\n\t\n<\/div>\n<\/div><\/div>\n","protected":false},"excerpt":{"rendered":"","protected":false},"author":1,"featured_media":0,"parent":0,"menu_order":0,"comment_status":"closed","ping_status":"closed","template":"essential-blocks-fullwidth-template.php","meta":{"_eb_attr":"","_uag_custom_page_level_css":"","footnotes":""},"class_list":["post-877","page","type-page","status-publish","hentry"],"blocksy_meta":[],"uagb_featured_image_src":{"full":false,"thumbnail":false,"medium":false,"medium_large":false,"large":false,"1536x1536":false,"2048x2048":false},"uagb_author_info":{"display_name":"blazko","author_link":"https:\/\/blazko.pl\/?author=1"},"uagb_comment_info":0,"uagb_excerpt":null,"_links":{"self":[{"href":"https:\/\/blazko.pl\/index.php?rest_route=\/wp\/v2\/pages\/877","targetHints":{"allow":["GET"]}}],"collection":[{"href":"https:\/\/blazko.pl\/index.php?rest_route=\/wp\/v2\/pages"}],"about":[{"href":"https:\/\/blazko.pl\/index.php?rest_route=\/wp\/v2\/types\/page"}],"author":[{"embeddable":true,"href":"https:\/\/blazko.pl\/index.php?rest_route=\/wp\/v2\/users\/1"}],"replies":[{"embeddable":true,"href":"https:\/\/blazko.pl\/index.php?rest_route=%2Fwp%2Fv2%2Fcomments&post=877"}],"version-history":[{"count":0,"href":"https:\/\/blazko.pl\/index.php?rest_route=\/wp\/v2\/pages\/877\/revisions"}],"wp:attachment":[{"href":"https:\/\/blazko.pl\/index.php?rest_route=%2Fwp%2Fv2%2Fmedia&parent=877"}],"curies":[{"name":"wp","href":"https:\/\/api.w.org\/{rel}","templated":true}]}}